{"id":282,"date":"2024-05-17T16:52:42","date_gmt":"2024-05-17T13:52:42","guid":{"rendered":"https:\/\/ogita.com.tr\/?page_id=282"},"modified":"2024-08-27T13:47:47","modified_gmt":"2024-08-27T10:47:47","slug":"kurumsal-kimlik","status":"publish","type":"page","link":"https:\/\/ogita.com.tr\/de\/kurumsal-kimlik\/","title":{"rendered":"Unternehmensidentit\u00e4t"},"content":{"rendered":"<div data-elementor-type=\"wp-page\" data-elementor-id=\"282\" class=\"elementor elementor-282\" data-elementor-post-type=\"page\">\n\t\t\t\t\t\t<section class=\"elementor-section elementor-top-section elementor-element elementor-element-1a8a3f9 elementor-section-full_width elementor-section-height-default elementor-section-height-default\" data-id=\"1a8a3f9\" data-element_type=\"section\" data-e-type=\"section\">\n\t\t\t\t\t\t<div class=\"elementor-container elementor-column-gap-default\">\n\t\t\t\t\t<div class=\"elementor-column elementor-col-100 elementor-top-column elementor-element elementor-element-6eff828\" data-id=\"6eff828\" data-element_type=\"column\" data-e-type=\"column\">\n\t\t\t<div class=\"elementor-widget-wrap elementor-element-populated\">\n\t\t\t\t\t\t<div class=\"elementor-element elementor-element-e717ad2 elementor-widget elementor-widget-spacer\" data-id=\"e717ad2\" data-element_type=\"widget\" data-e-type=\"widget\" data-widget_type=\"spacer.default\">\n\t\t\t\t<div class=\"elementor-widget-container\">\n\t\t\t\t\t\t\t<div class=\"elementor-spacer\">\n\t\t\t<div class=\"elementor-spacer-inner\"><\/div>\n\t\t<\/div>\n\t\t\t\t\t\t<\/div>\n\t\t\t\t<\/div>\n\t\t\t\t<div class=\"elementor-element elementor-element-89a0020 elementor-widget elementor-widget-heading\" data-id=\"89a0020\" data-element_type=\"widget\" data-e-type=\"widget\" data-widget_type=\"heading.default\">\n\t\t\t\t<div class=\"elementor-widget-container\">\n\t\t\t\t\t<h2 class=\"elementor-heading-title elementor-size-default\">UNTERNEHMENSIDENTIT\u00c4T<\/h2>\t\t\t\t<\/div>\n\t\t\t\t<\/div>\n\t\t\t\t<div class=\"elementor-element elementor-element-21fc8c9 elementor-absolute elementor-widget elementor-widget-heading\" data-id=\"21fc8c9\" data-element_type=\"widget\" data-e-type=\"widget\" data-settings=\"{&quot;_position&quot;:&quot;absolute&quot;}\" data-widget_type=\"heading.default\">\n\t\t\t\t<div class=\"elementor-widget-container\">\n\t\t\t\t\t<h2 class=\"elementor-heading-title elementor-size-default\">MED\u0130ENZENTRUM<\/h2>\t\t\t\t<\/div>\n\t\t\t\t<\/div>\n\t\t\t\t<section class=\"elementor-section elementor-inner-section elementor-element elementor-element-efad988 elementor-section-boxed elementor-section-height-default elementor-section-height-default\" data-id=\"efad988\" data-element_type=\"section\" data-e-type=\"section\" data-settings=\"{&quot;background_background&quot;:&quot;classic&quot;}\">\n\t\t\t\t\t\t<div class=\"elementor-container elementor-column-gap-default\">\n\t\t\t\t\t<div class=\"elementor-column elementor-col-100 elementor-inner-column elementor-element elementor-element-f83d566\" data-id=\"f83d566\" data-element_type=\"column\" data-e-type=\"column\">\n\t\t\t<div class=\"elementor-widget-wrap elementor-element-populated\">\n\t\t\t\t\t\t<div class=\"elementor-element elementor-element-fd90cdd elementor-widget elementor-widget-spacer\" data-id=\"fd90cdd\" data-element_type=\"widget\" data-e-type=\"widget\" data-widget_type=\"spacer.default\">\n\t\t\t\t<div class=\"elementor-widget-container\">\n\t\t\t\t\t\t\t<div class=\"elementor-spacer\">\n\t\t\t<div class=\"elementor-spacer-inner\"><\/div>\n\t\t<\/div>\n\t\t\t\t\t\t<\/div>\n\t\t\t\t<\/div>\n\t\t\t\t\t<\/div>\n\t\t<\/div>\n\t\t\t\t\t<\/div>\n\t\t<\/section>\n\t\t\t\t<section class=\"elementor-section elementor-inner-section elementor-element elementor-element-8999791 elementor-section-boxed elementor-section-height-default elementor-section-height-default\" data-id=\"8999791\" data-element_type=\"section\" data-e-type=\"section\" data-settings=\"{&quot;background_background&quot;:&quot;classic&quot;}\">\n\t\t\t\t\t\t<div class=\"elementor-container elementor-column-gap-default\">\n\t\t\t\t\t<div class=\"elementor-column elementor-col-14 elementor-inner-column elementor-element elementor-element-8dd333f\" data-id=\"8dd333f\" data-element_type=\"column\" data-e-type=\"column\">\n\t\t\t<div class=\"elementor-widget-wrap\">\n\t\t\t\t\t\t\t<\/div>\n\t\t<\/div>\n\t\t\t\t<div class=\"elementor-column elementor-col-14 elementor-inner-column elementor-element elementor-element-540548a\" data-id=\"540548a\" data-element_type=\"column\" data-e-type=\"column\">\n\t\t\t<div class=\"elementor-widget-wrap elementor-element-populated\">\n\t\t\t\t\t\t<div class=\"elementor-element elementor-element-8b4728a elementor-widget elementor-widget-heading\" data-id=\"8b4728a\" data-element_type=\"widget\" data-e-type=\"widget\" data-widget_type=\"heading.default\">\n\t\t\t\t<div class=\"elementor-widget-container\">\n\t\t\t\t\t<h2 class=\"elementor-heading-title elementor-size-default\">KOZANLAR GRUP<\/h2>\t\t\t\t<\/div>\n\t\t\t\t<\/div>\n\t\t\t\t<div class=\"elementor-element elementor-element-f9e3344 elementor-widget elementor-widget-text-editor\" data-id=\"f9e3344\" data-element_type=\"widget\" data-e-type=\"widget\" data-widget_type=\"text-editor.default\">\n\t\t\t\t<div class=\"elementor-widget-container\">\n\t\t\t\t\t\t\t\t\t<p>Unternehmensidentit\u00e4t<\/p>\t\t\t\t\t\t\t\t<\/div>\n\t\t\t\t<\/div>\n\t\t\t\t<div class=\"elementor-element elementor-element-14a026c elementor-widget elementor-widget-image\" data-id=\"14a026c\" data-element_type=\"widget\" data-e-type=\"widget\" data-widget_type=\"image.default\">\n\t\t\t\t<div class=\"elementor-widget-container\">\n\t\t\t\t\t\t\t\t\t\t\t\t\t\t\t\t<a href=\"https:\/\/ogita.com.tr\/wp-content\/uploads\/2024\/08\/logogrupr-e1724755645257.png\" data-elementor-open-lightbox=\"yes\" data-elementor-lightbox-title=\"logogrupr\" data-e-action-hash=\"#elementor-action%3Aaction%3Dlightbox%26settings%3DeyJpZCI6NjYxLCJ1cmwiOiJodHRwczpcL1wvb2dpdGEuY29tLnRyXC93cC1jb250ZW50XC91cGxvYWRzXC8yMDI0XC8wOFwvbG9nb2dydXByLWUxNzI0NzU1NjQ1MjU3LnBuZyJ9\">\n\t\t\t\t\t\t\t<img fetchpriority=\"high\" decoding=\"async\" width=\"2048\" height=\"1004\" src=\"https:\/\/ogita.com.tr\/wp-content\/uploads\/2024\/08\/logogrupr-e1724755645257-2048x1004.png\" class=\"attachment-2048x2048 size-2048x2048 wp-image-661\" alt=\"\" srcset=\"https:\/\/ogita.com.tr\/wp-content\/uploads\/2024\/08\/logogrupr-e1724755645257-2048x1004.png 2048w, https:\/\/ogita.com.tr\/wp-content\/uploads\/2024\/08\/logogrupr-e1724755645257-300x147.png 300w, https:\/\/ogita.com.tr\/wp-content\/uploads\/2024\/08\/logogrupr-e1724755645257-1024x502.png 1024w, https:\/\/ogita.com.tr\/wp-content\/uploads\/2024\/08\/logogrupr-e1724755645257-768x377.png 768w, https:\/\/ogita.com.tr\/wp-content\/uploads\/2024\/08\/logogrupr-e1724755645257-1536x753.png 1536w, https:\/\/ogita.com.tr\/wp-content\/uploads\/2024\/08\/logogrupr-e1724755645257-18x9.png 18w\" sizes=\"(max-width: 2048px) 100vw, 2048px\" \/>\t\t\t\t\t\t\t\t<\/a>\n\t\t\t\t\t\t\t\t\t\t\t\t\t\t\t<\/div>\n\t\t\t\t<\/div>\n\t\t\t\t\t<\/div>\n\t\t<\/div>\n\t\t\t\t<div class=\"elementor-column elementor-col-14 elementor-inner-column elementor-element elementor-element-68f3910\" data-id=\"68f3910\" data-element_type=\"column\" data-e-type=\"column\">\n\t\t\t<div class=\"elementor-widget-wrap\">\n\t\t\t\t\t\t\t<\/div>\n\t\t<\/div>\n\t\t\t\t<div class=\"elementor-column elementor-col-14 elementor-inner-column elementor-element elementor-element-37caf09\" data-id=\"37caf09\" data-element_type=\"column\" data-e-type=\"column\">\n\t\t\t<div class=\"elementor-widget-wrap elementor-element-populated\">\n\t\t\t\t\t\t<div class=\"elementor-element elementor-element-d6941f1 elementor-widget elementor-widget-heading\" data-id=\"d6941f1\" data-element_type=\"widget\" data-e-type=\"widget\" data-widget_type=\"heading.default\">\n\t\t\t\t<div class=\"elementor-widget-container\">\n\t\t\t\t\t<h2 class=\"elementor-heading-title elementor-size-default\">Geothermie<\/h2>\t\t\t\t<\/div>\n\t\t\t\t<\/div>\n\t\t\t\t<div class=\"elementor-element elementor-element-718ef32 elementor-widget elementor-widget-text-editor\" data-id=\"718ef32\" data-element_type=\"widget\" data-e-type=\"widget\" data-widget_type=\"text-editor.default\">\n\t\t\t\t<div class=\"elementor-widget-container\">\n\t\t\t\t\t\t\t\t\t<p>Unternehmensidentit\u00e4t<\/p>\t\t\t\t\t\t\t\t<\/div>\n\t\t\t\t<\/div>\n\t\t\t\t<div class=\"elementor-element elementor-element-ac9e741 elementor-widget elementor-widget-image\" data-id=\"ac9e741\" data-element_type=\"widget\" data-e-type=\"widget\" data-widget_type=\"image.default\">\n\t\t\t\t<div class=\"elementor-widget-container\">\n\t\t\t\t\t\t\t\t\t\t\t\t\t\t\t\t<a href=\"https:\/\/ogita.com.tr\/wp-content\/uploads\/2024\/05\/webjeotermal.png\" data-elementor-open-lightbox=\"yes\" data-elementor-lightbox-title=\"webjeotermal.png\" data-e-action-hash=\"#elementor-action%3Aaction%3Dlightbox%26settings%3DeyJpZCI6Mjg1LCJ1cmwiOiJodHRwczpcL1wvb2dpdGEuY29tLnRyXC93cC1jb250ZW50XC91cGxvYWRzXC8yMDI0XC8wNVwvd2ViamVvdGVybWFsLnBuZyJ9\">\n\t\t\t\t\t\t\t<img decoding=\"async\" width=\"2048\" height=\"561\" src=\"https:\/\/ogita.com.tr\/wp-content\/uploads\/2024\/05\/webjeotermal-2048x561.png\" class=\"attachment-2048x2048 size-2048x2048 wp-image-285\" alt=\"\" srcset=\"https:\/\/ogita.com.tr\/wp-content\/uploads\/2024\/05\/webjeotermal-2048x561.png 2048w, https:\/\/ogita.com.tr\/wp-content\/uploads\/2024\/05\/webjeotermal-300x82.png 300w, https:\/\/ogita.com.tr\/wp-content\/uploads\/2024\/05\/webjeotermal-1024x281.png 1024w, https:\/\/ogita.com.tr\/wp-content\/uploads\/2024\/05\/webjeotermal-768x210.png 768w, https:\/\/ogita.com.tr\/wp-content\/uploads\/2024\/05\/webjeotermal-1536x421.png 1536w\" sizes=\"(max-width: 2048px) 100vw, 2048px\" \/>\t\t\t\t\t\t\t\t<\/a>\n\t\t\t\t\t\t\t\t\t\t\t\t\t\t\t<\/div>\n\t\t\t\t<\/div>\n\t\t\t\t\t<\/div>\n\t\t<\/div>\n\t\t\t\t<div class=\"elementor-column elementor-col-14 elementor-inner-column elementor-element elementor-element-2c28a5e\" data-id=\"2c28a5e\" data-element_type=\"column\" data-e-type=\"column\">\n\t\t\t<div class=\"elementor-widget-wrap\">\n\t\t\t\t\t\t\t<\/div>\n\t\t<\/div>\n\t\t\t\t<div class=\"elementor-column elementor-col-14 elementor-inner-column elementor-element elementor-element-4ad06b9\" data-id=\"4ad06b9\" data-element_type=\"column\" data-e-type=\"column\">\n\t\t\t<div class=\"elementor-widget-wrap elementor-element-populated\">\n\t\t\t\t\t\t<div class=\"elementor-element elementor-element-7e4ec03 elementor-widget elementor-widget-heading\" data-id=\"7e4ec03\" data-element_type=\"widget\" data-e-type=\"widget\" data-widget_type=\"heading.default\">\n\t\t\t\t<div class=\"elementor-widget-container\">\n\t\t\t\t\t<h2 class=\"elementor-heading-title elementor-size-default\">DGI<\/h2>\t\t\t\t<\/div>\n\t\t\t\t<\/div>\n\t\t\t\t<div class=\"elementor-element elementor-element-ec1353b elementor-widget elementor-widget-text-editor\" data-id=\"ec1353b\" data-element_type=\"widget\" data-e-type=\"widget\" data-widget_type=\"text-editor.default\">\n\t\t\t\t<div class=\"elementor-widget-container\">\n\t\t\t\t\t\t\t\t\t<p>Unternehmensidentit\u00e4t<\/p>\t\t\t\t\t\t\t\t<\/div>\n\t\t\t\t<\/div>\n\t\t\t\t<div class=\"elementor-element elementor-element-e6f20ae elementor-widget elementor-widget-image\" data-id=\"e6f20ae\" data-element_type=\"widget\" data-e-type=\"widget\" data-widget_type=\"image.default\">\n\t\t\t\t<div class=\"elementor-widget-container\">\n\t\t\t\t\t\t\t\t\t\t\t\t\t\t\t\t<a href=\"https:\/\/ogita.com.tr\/wp-content\/uploads\/2024\/05\/webdgi.png\" data-elementor-open-lightbox=\"yes\" data-elementor-lightbox-title=\"webdgi.png\" data-e-action-hash=\"#elementor-action%3Aaction%3Dlightbox%26settings%3DeyJpZCI6Mjg2LCJ1cmwiOiJodHRwczpcL1wvb2dpdGEuY29tLnRyXC93cC1jb250ZW50XC91cGxvYWRzXC8yMDI0XC8wNVwvd2ViZGdpLnBuZyJ9\">\n\t\t\t\t\t\t\t<img decoding=\"async\" width=\"2048\" height=\"561\" src=\"https:\/\/ogita.com.tr\/wp-content\/uploads\/2024\/05\/webdgi-2048x561.png\" class=\"attachment-2048x2048 size-2048x2048 wp-image-286\" alt=\"\" srcset=\"https:\/\/ogita.com.tr\/wp-content\/uploads\/2024\/05\/webdgi-2048x561.png 2048w, https:\/\/ogita.com.tr\/wp-content\/uploads\/2024\/05\/webdgi-300x82.png 300w, https:\/\/ogita.com.tr\/wp-content\/uploads\/2024\/05\/webdgi-1024x281.png 1024w, https:\/\/ogita.com.tr\/wp-content\/uploads\/2024\/05\/webdgi-768x210.png 768w, https:\/\/ogita.com.tr\/wp-content\/uploads\/2024\/05\/webdgi-1536x421.png 1536w\" sizes=\"(max-width: 2048px) 100vw, 2048px\" \/>\t\t\t\t\t\t\t\t<\/a>\n\t\t\t\t\t\t\t\t\t\t\t\t\t\t\t<\/div>\n\t\t\t\t<\/div>\n\t\t\t\t\t<\/div>\n\t\t<\/div>\n\t\t\t\t<div class=\"elementor-column elementor-col-14 elementor-inner-column elementor-element elementor-element-1a760df\" data-id=\"1a760df\" data-element_type=\"column\" data-e-type=\"column\">\n\t\t\t<div class=\"elementor-widget-wrap\">\n\t\t\t\t\t\t\t<\/div>\n\t\t<\/div>\n\t\t\t\t\t<\/div>\n\t\t<\/section>\n\t\t\t\t<section class=\"elementor-section elementor-inner-section elementor-element elementor-element-ae5d635 elementor-section-boxed elementor-section-height-default elementor-section-height-default\" data-id=\"ae5d635\" data-element_type=\"section\" data-e-type=\"section\" data-settings=\"{&quot;background_background&quot;:&quot;classic&quot;}\">\n\t\t\t\t\t\t<div class=\"elementor-container elementor-column-gap-default\">\n\t\t\t\t\t<div class=\"elementor-column elementor-col-100 elementor-inner-column elementor-element elementor-element-8436266\" data-id=\"8436266\" data-element_type=\"column\" data-e-type=\"column\">\n\t\t\t<div class=\"elementor-widget-wrap elementor-element-populated\">\n\t\t\t\t\t\t<div class=\"elementor-element elementor-element-36ef1a3 elementor-widget elementor-widget-spacer\" data-id=\"36ef1a3\" data-element_type=\"widget\" data-e-type=\"widget\" data-widget_type=\"spacer.default\">\n\t\t\t\t<div class=\"elementor-widget-container\">\n\t\t\t\t\t\t\t<div class=\"elementor-spacer\">\n\t\t\t<div class=\"elementor-spacer-inner\"><\/div>\n\t\t<\/div>\n\t\t\t\t\t\t<\/div>\n\t\t\t\t<\/div>\n\t\t\t\t\t<\/div>\n\t\t<\/div>\n\t\t\t\t\t<\/div>\n\t\t<\/section>\n\t\t\t\t<section class=\"elementor-section elementor-inner-section elementor-element elementor-element-fdcb509 elementor-section-boxed elementor-section-height-default elementor-section-height-default\" data-id=\"fdcb509\" data-element_type=\"section\" data-e-type=\"section\" data-settings=\"{&quot;background_background&quot;:&quot;classic&quot;}\">\n\t\t\t\t\t\t<div class=\"elementor-container elementor-column-gap-default\">\n\t\t\t\t\t<div class=\"elementor-column elementor-col-20 elementor-inner-column elementor-element elementor-element-d11db83\" data-id=\"d11db83\" data-element_type=\"column\" data-e-type=\"column\">\n\t\t\t<div class=\"elementor-widget-wrap\">\n\t\t\t\t\t\t\t<\/div>\n\t\t<\/div>\n\t\t\t\t<div class=\"elementor-column elementor-col-20 elementor-inner-column elementor-element elementor-element-34ded63\" data-id=\"34ded63\" data-element_type=\"column\" data-e-type=\"column\">\n\t\t\t<div class=\"elementor-widget-wrap elementor-element-populated\">\n\t\t\t\t\t\t<div class=\"elementor-element elementor-element-145a43e elementor-widget elementor-widget-heading\" data-id=\"145a43e\" data-element_type=\"widget\" data-e-type=\"widget\" data-widget_type=\"heading.default\">\n\t\t\t\t<div class=\"elementor-widget-container\">\n\t\t\t\t\t<h2 class=\"elementor-heading-title elementor-size-default\">Landwirtschaft<\/h2>\t\t\t\t<\/div>\n\t\t\t\t<\/div>\n\t\t\t\t<div class=\"elementor-element elementor-element-bd11df3 elementor-widget elementor-widget-text-editor\" data-id=\"bd11df3\" data-element_type=\"widget\" data-e-type=\"widget\" data-widget_type=\"text-editor.default\">\n\t\t\t\t<div class=\"elementor-widget-container\">\n\t\t\t\t\t\t\t\t\t<p>Unternehmensidentit\u00e4t<\/p>\t\t\t\t\t\t\t\t<\/div>\n\t\t\t\t<\/div>\n\t\t\t\t<div class=\"elementor-element elementor-element-f6f5e2b elementor-widget elementor-widget-image\" data-id=\"f6f5e2b\" data-element_type=\"widget\" data-e-type=\"widget\" data-widget_type=\"image.default\">\n\t\t\t\t<div class=\"elementor-widget-container\">\n\t\t\t\t\t\t\t\t\t\t\t\t\t\t\t\t<a href=\"https:\/\/ogita.com.tr\/wp-content\/uploads\/2024\/05\/webtarim.png\" data-elementor-open-lightbox=\"yes\" data-elementor-lightbox-title=\"webtarim.png\" data-e-action-hash=\"#elementor-action%3Aaction%3Dlightbox%26settings%3DeyJpZCI6Mjg3LCJ1cmwiOiJodHRwczpcL1wvb2dpdGEuY29tLnRyXC93cC1jb250ZW50XC91cGxvYWRzXC8yMDI0XC8wNVwvd2VidGFyaW0ucG5nIn0%3D\">\n\t\t\t\t\t\t\t<img loading=\"lazy\" decoding=\"async\" width=\"2048\" height=\"805\" src=\"https:\/\/ogita.com.tr\/wp-content\/uploads\/2024\/05\/webtarim-2048x805.png\" class=\"attachment-2048x2048 size-2048x2048 wp-image-287\" alt=\"\" srcset=\"https:\/\/ogita.com.tr\/wp-content\/uploads\/2024\/05\/webtarim-2048x805.png 2048w, https:\/\/ogita.com.tr\/wp-content\/uploads\/2024\/05\/webtarim-300x118.png 300w, https:\/\/ogita.com.tr\/wp-content\/uploads\/2024\/05\/webtarim-1024x403.png 1024w, https:\/\/ogita.com.tr\/wp-content\/uploads\/2024\/05\/webtarim-768x302.png 768w, https:\/\/ogita.com.tr\/wp-content\/uploads\/2024\/05\/webtarim-1536x604.png 1536w\" sizes=\"(max-width: 2048px) 100vw, 2048px\" \/>\t\t\t\t\t\t\t\t<\/a>\n\t\t\t\t\t\t\t\t\t\t\t\t\t\t\t<\/div>\n\t\t\t\t<\/div>\n\t\t\t\t\t<\/div>\n\t\t<\/div>\n\t\t\t\t<div class=\"elementor-column elementor-col-20 elementor-inner-column elementor-element elementor-element-185b86a\" data-id=\"185b86a\" data-element_type=\"column\" data-e-type=\"column\">\n\t\t\t<div class=\"elementor-widget-wrap\">\n\t\t\t\t\t\t\t<\/div>\n\t\t<\/div>\n\t\t\t\t<div class=\"elementor-column elementor-col-20 elementor-inner-column elementor-element elementor-element-037c05d\" data-id=\"037c05d\" data-element_type=\"column\" data-e-type=\"column\">\n\t\t\t<div class=\"elementor-widget-wrap elementor-element-populated\">\n\t\t\t\t\t\t<div class=\"elementor-element elementor-element-f600fdd elementor-widget elementor-widget-heading\" data-id=\"f600fdd\" data-element_type=\"widget\" data-e-type=\"widget\" data-widget_type=\"heading.default\">\n\t\t\t\t<div class=\"elementor-widget-container\">\n\t\t\t\t\t<h2 class=\"elementor-heading-title elementor-size-default\">OG\u0130TA<\/h2>\t\t\t\t<\/div>\n\t\t\t\t<\/div>\n\t\t\t\t<div class=\"elementor-element elementor-element-ff21d81 elementor-widget elementor-widget-text-editor\" data-id=\"ff21d81\" data-element_type=\"widget\" data-e-type=\"widget\" data-widget_type=\"text-editor.default\">\n\t\t\t\t<div class=\"elementor-widget-container\">\n\t\t\t\t\t\t\t\t\t<p>Unternehmensidentit\u00e4t<\/p>\t\t\t\t\t\t\t\t<\/div>\n\t\t\t\t<\/div>\n\t\t\t\t<div class=\"elementor-element elementor-element-dca02ba elementor-widget elementor-widget-image\" data-id=\"dca02ba\" data-element_type=\"widget\" data-e-type=\"widget\" data-widget_type=\"image.default\">\n\t\t\t\t<div class=\"elementor-widget-container\">\n\t\t\t\t\t\t\t\t\t\t\t\t\t\t\t\t<a href=\"https:\/\/ogita.com.tr\/wp-content\/uploads\/2024\/05\/webogita.png\" data-elementor-open-lightbox=\"yes\" data-elementor-lightbox-title=\"webogita.png\" data-e-action-hash=\"#elementor-action%3Aaction%3Dlightbox%26settings%3DeyJpZCI6Mjg4LCJ1cmwiOiJodHRwczpcL1wvb2dpdGEuY29tLnRyXC93cC1jb250ZW50XC91cGxvYWRzXC8yMDI0XC8wNVwvd2Vib2dpdGEucG5nIn0%3D\">\n\t\t\t\t\t\t\t<img loading=\"lazy\" decoding=\"async\" width=\"2048\" height=\"561\" src=\"https:\/\/ogita.com.tr\/wp-content\/uploads\/2024\/05\/webogita-2048x561.png\" class=\"attachment-2048x2048 size-2048x2048 wp-image-288\" alt=\"\" srcset=\"https:\/\/ogita.com.tr\/wp-content\/uploads\/2024\/05\/webogita-2048x561.png 2048w, https:\/\/ogita.com.tr\/wp-content\/uploads\/2024\/05\/webogita-300x82.png 300w, https:\/\/ogita.com.tr\/wp-content\/uploads\/2024\/05\/webogita-1024x281.png 1024w, https:\/\/ogita.com.tr\/wp-content\/uploads\/2024\/05\/webogita-768x210.png 768w, https:\/\/ogita.com.tr\/wp-content\/uploads\/2024\/05\/webogita-1536x421.png 1536w\" sizes=\"(max-width: 2048px) 100vw, 2048px\" \/>\t\t\t\t\t\t\t\t<\/a>\n\t\t\t\t\t\t\t\t\t\t\t\t\t\t\t<\/div>\n\t\t\t\t<\/div>\n\t\t\t\t\t<\/div>\n\t\t<\/div>\n\t\t\t\t<div class=\"elementor-column elementor-col-20 elementor-inner-column elementor-element elementor-element-9f2f257\" data-id=\"9f2f257\" data-element_type=\"column\" data-e-type=\"column\">\n\t\t\t<div class=\"elementor-widget-wrap\">\n\t\t\t\t\t\t\t<\/div>\n\t\t<\/div>\n\t\t\t\t\t<\/div>\n\t\t<\/section>\n\t\t\t\t<section class=\"elementor-section elementor-inner-section elementor-element elementor-element-30ab0ae elementor-section-boxed elementor-section-height-default elementor-section-height-default\" data-id=\"30ab0ae\" data-element_type=\"section\" data-e-type=\"section\" data-settings=\"{&quot;background_background&quot;:&quot;classic&quot;,&quot;shape_divider_bottom&quot;:&quot;tilt&quot;}\">\n\t\t\t\t\t<div class=\"elementor-shape elementor-shape-bottom\" aria-hidden=\"true\" data-negative=\"false\">\n\t\t\t<svg xmlns=\"http:\/\/www.w3.org\/2000\/svg\" viewbox=\"0 0 1000 100\" preserveaspectratio=\"none\">\n\t<path class=\"elementor-shape-fill\" d=\"M0,6V0h1000v100L0,6z\"\/>\n<\/svg>\t\t<\/div>\n\t\t\t\t\t<div class=\"elementor-container elementor-column-gap-default\">\n\t\t\t\t\t<div class=\"elementor-column elementor-col-100 elementor-inner-column elementor-element elementor-element-7bbf6fa\" data-id=\"7bbf6fa\" data-element_type=\"column\" data-e-type=\"column\">\n\t\t\t<div class=\"elementor-widget-wrap elementor-element-populated\">\n\t\t\t\t\t\t<div class=\"elementor-element elementor-element-944ee9b elementor-widget elementor-widget-spacer\" data-id=\"944ee9b\" data-element_type=\"widget\" data-e-type=\"widget\" data-widget_type=\"spacer.default\">\n\t\t\t\t<div class=\"elementor-widget-container\">\n\t\t\t\t\t\t\t<div class=\"elementor-spacer\">\n\t\t\t<div class=\"elementor-spacer-inner\"><\/div>\n\t\t<\/div>\n\t\t\t\t\t\t<\/div>\n\t\t\t\t<\/div>\n\t\t\t\t\t<\/div>\n\t\t<\/div>\n\t\t\t\t\t<\/div>\n\t\t<\/section>\n\t\t\t\t\t<\/div>\n\t\t<\/div>\n\t\t\t\t\t<\/div>\n\t\t<\/section>\n\t\t\t\t<\/div>","protected":false},"excerpt":{"rendered":"<p>KURUMSAL K\u0130ML\u0130K MEDYA MERKEZ\u0130 KOZANLAR GRUP Kurumsal Kimlik JEOTERMAL Kurumsal Kimlik DG\u0130 Kurumsal Kimlik TARIM Kurumsal Kimlik OG\u0130TA Kurumsal Kimlik<\/p>","protected":false},"author":1,"featured_media":0,"parent":0,"menu_order":0,"comment_status":"closed","ping_status":"closed","template":"page-templates\/template-pagebuilder-full-width.php","meta":{"neve_meta_sidebar":"","neve_meta_container":"","neve_meta_enable_content_width":"","neve_meta_content_width":0,"neve_meta_title_alignment":"","neve_meta_author_avatar":"","neve_post_elements_order":"","neve_meta_disable_header":"","neve_meta_disable_footer":"","neve_meta_disable_title":"on","footnotes":""},"class_list":["post-282","page","type-page","status-publish","hentry"],"_links":{"self":[{"href":"https:\/\/ogita.com.tr\/de\/wp-json\/wp\/v2\/pages\/282","targetHints":{"allow":["GET"]}}],"collection":[{"href":"https:\/\/ogita.com.tr\/de\/wp-json\/wp\/v2\/pages"}],"about":[{"href":"https:\/\/ogita.com.tr\/de\/wp-json\/wp\/v2\/types\/page"}],"author":[{"embeddable":true,"href":"https:\/\/ogita.com.tr\/de\/wp-json\/wp\/v2\/users\/1"}],"replies":[{"embeddable":true,"href":"https:\/\/ogita.com.tr\/de\/wp-json\/wp\/v2\/comments?post=282"}],"version-history":[{"count":3,"href":"https:\/\/ogita.com.tr\/de\/wp-json\/wp\/v2\/pages\/282\/revisions"}],"predecessor-version":[{"id":664,"href":"https:\/\/ogita.com.tr\/de\/wp-json\/wp\/v2\/pages\/282\/revisions\/664"}],"wp:attachment":[{"href":"https:\/\/ogita.com.tr\/de\/wp-json\/wp\/v2\/media?parent=282"}],"curies":[{"name":"wp","href":"https:\/\/api.w.org\/{rel}","templated":true}]}}